{"id":40208,"date":"2025-08-20T16:05:31","date_gmt":"2025-08-20T16:05:31","guid":{"rendered":"https:\/\/www.mrdiscount.ci\/?post_type=product&#038;p=40208"},"modified":"2025-08-20T16:06:56","modified_gmt":"2025-08-20T16:06:56","slug":"agrafeuse-metallique-weibo-wb-8815-fiabilite-ergonomie-au-bureau","status":"publish","type":"product","link":"https:\/\/www.mrdiscount.ci\/index.php\/produit\/agrafeuse-metallique-weibo-wb-8815-fiabilite-ergonomie-au-bureau\/","title":{"rendered":"Agrafeuse M\u00e9tallique Weibo WB-8815 \u2013 Fiabilit\u00e9 et Ergonomie au Bureau"},"content":{"rendered":"","protected":false},"excerpt":{"rendered":"<p>Optimisez votre organisation avec l\u2019agrafeuse Weibo WB-8815, votre partenaire id\u00e9al pour un bureau bien rang\u00e9. Con\u00e7ue pour une utilisation quotidienne, elle allie robustesse, confort et efficacit\u00e9.<\/p>\n","protected":false},"featured_media":40219,"comment_status":"open","ping_status":"closed","template":"","meta":[],"product_brand":[],"product_cat":[342,336],"product_tag":[],"class_list":{"0":"post-40208","1":"product","2":"type-product","3":"status-publish","4":"has-post-thumbnail","6":"product_cat-fourniture-bureau","7":"product_cat-fourniture-scolaire","9":"first","10":"instock","11":"shipping-taxable","12":"purchasable","13":"product-type-simple"},"_links":{"self":[{"href":"https:\/\/www.mrdiscount.ci\/index.php\/wp-json\/wp\/v2\/product\/40208","targetHints":{"allow":["GET"]}}],"collection":[{"href":"https:\/\/www.mrdiscount.ci\/index.php\/wp-json\/wp\/v2\/product"}],"about":[{"href":"https:\/\/www.mrdiscount.ci\/index.php\/wp-json\/wp\/v2\/types\/product"}],"replies":[{"embeddable":true,"href":"https:\/\/www.mrdiscount.ci\/index.php\/wp-json\/wp\/v2\/comments?post=40208"}],"version-history":[{"count":3,"href":"https:\/\/www.mrdiscount.ci\/index.php\/wp-json\/wp\/v2\/product\/40208\/revisions"}],"predecessor-version":[{"id":40232,"href":"https:\/\/www.mrdiscount.ci\/index.php\/wp-json\/wp\/v2\/product\/40208\/revisions\/40232"}],"wp:featuredmedia":[{"embeddable":true,"href":"https:\/\/www.mrdiscount.ci\/index.php\/wp-json\/wp\/v2\/media\/40219"}],"wp:attachment":[{"href":"https:\/\/www.mrdiscount.ci\/index.php\/wp-json\/wp\/v2\/media?parent=40208"}],"wp:term":[{"taxonomy":"product_brand","embeddable":true,"href":"https:\/\/www.mrdiscount.ci\/index.php\/wp-json\/wp\/v2\/product_brand?post=40208"},{"taxonomy":"product_cat","embeddable":true,"href":"https:\/\/www.mrdiscount.ci\/index.php\/wp-json\/wp\/v2\/product_cat?post=40208"},{"taxonomy":"product_tag","embeddable":true,"href":"https:\/\/www.mrdiscount.ci\/index.php\/wp-json\/wp\/v2\/product_tag?post=40208"}],"curies":[{"name":"wp","href":"https:\/\/api.w.org\/{rel}","templated":true}]}}